{"id":16887,"date":"2025-04-22T10:32:25","date_gmt":"2025-04-22T10:32:25","guid":{"rendered":"https:\/\/znaczek.pl\/?page_id=16887"},"modified":"2026-01-02T17:28:38","modified_gmt":"2026-01-02T17:28:38","slug":"fundusze-europejskie-dla-slaskiego","status":"publish","type":"page","link":"https:\/\/znaczek.pl\/en\/fundusze-europejskie-dla-slaskiego\/","title":{"rendered":"Fundusze Europejskie dla \u015al\u0105skiego"},"content":{"rendered":"<div class=\"wpb-content-wrapper\"><p>[vc_row css_animation=&#8221;&#8221; row_type=&#8221;row&#8221; use_row_as_full_screen_section=&#8221;no&#8221; type=&#8221;grid&#8221; angled_section=&#8221;no&#8221; text_align=&#8221;left&#8221; background_image_as_pattern=&#8221;without_pattern&#8221; z_index=&#8221;&#8221;][vc_column][vc_single_image image=&#8221;16901&#8243; img_size=&#8221;large&#8221; alignment=&#8221;center&#8221; css=&#8221;.vc_custom_1745318066121{padding-top: 70px !important;}&#8221; qode_css_animation=&#8221;&#8221;][\/vc_column][\/vc_row][vc_row css_animation=&#8221;&#8221; row_type=&#8221;row&#8221; use_row_as_full_screen_section=&#8221;no&#8221; type=&#8221;grid&#8221; angled_section=&#8221;no&#8221; text_align=&#8221;left&#8221; background_image_as_pattern=&#8221;without_pattern&#8221; z_index=&#8221;&#8221;][vc_column width=&#8221;1\/6&#8243;][\/vc_column][vc_column width=&#8221;2\/3&#8243;][vc_empty_space height=&#8221;40px&#8221;][vc_column_text css=&#8221;&#8221;]Wir laden Sie herzlich zu der PSI-Messe in D\u00fcsseldorf ein. An unserem Stand (D04,Halle 9) werden wir alle Produkte aus unserem Sortiment vorstellen,darunter auch einen neuen \u00d6ko-Button aus Karton. <strong>Die PSI-Messe findet am 7-9.01.2026 statt.<\/strong>[\/vc_column_text][vc_column_text css=&#8221;&#8221;]<\/p>\n<p>&nbsp;<\/p>\n<p>Zapraszamy do odwiedzenia naszego stoiska nr D04 w hali nr 9 w Centrum Targowym w Dusseldorfie w trakcie targ\u00f3w PSI. <strong>Targi odb\u0119d\u0105 si\u0119 w dniach: 7-9.01.2026r.<\/strong> Na targach zaprezentujemy ca\u0142\u0105 nasz\u0105 ofert\u0119 jak i nowo\u015b\u0107: eko znaczek kartonowy.<\/p>\n<p>&nbsp;<\/p>\n<p>[\/vc_column_text][vc_gallery type=&#8221;image_grid&#8221; images=&#8221;16940&#8243; img_size=&#8221;full&#8221; onclick=&#8221;&#8221; css=&#8221;.vc_custom_1760447393853{padding-bottom: 20px !important;}&#8221; column_number=&#8221;0&#8243; grayscale=&#8221;no&#8221; enable_drag=&#8221;no&#8221; images_space=&#8221;gallery_with_space&#8221;][vc_gallery type=&#8221;image_grid&#8221; images=&#8221;16928,16946,16952,16958,16934,16964&#8243; img_size=&#8221;full&#8221; onclick=&#8221;&#8221; css=&#8221;&#8221; column_number=&#8221;2&#8243; grayscale=&#8221;no&#8221; enable_drag=&#8221;no&#8221; images_space=&#8221;gallery_with_space&#8221;][vc_column_text css=&#8221;&#8221;]Targi realizujemy dzi\u0119ki pozyskaniu funduszy z Unii Europejskiej.<\/p>\n<p>Dzia\u0142anie (projekt) dotyczy internacjonalizacji dzia\u0142alno\u015bci gospodarczej firmy poprzez promocj\u0119 oferty na imprezach targowo \u2013 wystawienniczych. Przedmiot projektu dotyczy bran\u017cy reklamowej zgodnie z kodem 18.14.Z Introligatorstwo i podobne us\u0142ugi<\/p>\n<p>&nbsp;<\/p>\n<p><strong>Rynki \/ regiony, na kt\u00f3rych b\u0119d\u0105 prowadzone dzia\u0142ania w projekcie:<\/strong> Francja, Niemcy, W\u0142ochy<\/p>\n<p><strong>Projekt b\u0119dzie realizowany w terminie:<\/strong> 01.11.2024-31.03.2026.<\/p>\n<p>&nbsp;<\/p>\n<p><strong>Zakres projektu:<\/strong><\/p>\n<p>&#8211; targi: Premium Sourcing 2025, Pary\u017c, Francja<br \/>\n&#8211; targi: PSI 2026, Dusseldorf, Niemcy<br \/>\n&#8211; targi: PTE 2026, Mediolan, W\u0142ochy<br \/>\n&#8211; targi: CTCO 2026, Lyon, Francja<\/p>\n<p>&nbsp;<\/p>\n<p>Firma we\u017amie udzia\u0142 w 4 imprezach targowych w charakterze wystawcy. Dzia\u0142ania te s\u0105 zorientowane na rynki zagraniczne.<\/p>\n<p>Projekt przyczyni si\u0119 do osi\u0105gni\u0119cia cel\u00f3w zadania \u201eBony eksportowe&#8221; realizowanego w ramach projektu \u201eInterGlobal \u2013 internacjonalizacja przedsi\u0119biorstw sektora M\u015aP z wojew\u00f3dztwa \u015bl\u0105skiego&#8221; poprzez zwi\u0119kszenie poziomu handlu zagranicznego sektora M\u015aP i wzrost eksportu \u015bl\u0105skich przedsi\u0119biorstw. Stworzy firmie, jako przedstawicielowi \u015bl\u0105skich M\u015aP, warunki do zwi\u0119kszenia poziomu internacjonalizacji i aktywno\u015bci mi\u0119dzynarodowej.<\/p>\n<p>&nbsp;<\/p>\n<p>G\u0142\u00f3wnym celem projektu jest zwi\u0119kszenie poziomu internacjonalizacji dzia\u0142alno\u015bci gospodarczej oraz wzrost konkurencyjno\u015bci firmy, pozyskanie nowych rynk\u00f3w.<\/p>\n<p>&nbsp;<\/p>\n<p><strong>Projekt doprowadzi do zwi\u0119kszenia internacjonalizacji firmy i jej oferty poprzez:<\/strong><\/p>\n<p>&#8211; wej\u015bcie na nowy rynek geograficzny z nowym produktem (Brazylia)<br \/>\n&#8211; wej\u015bcie na nowy rynek geograficzny z dotychczasow\u0105 ofert\u0105 (Brazylia)<br \/>\n&#8211; wej\u015bcie na stary rynek geograficzny z nowym produktem (dotychczasowe rynki eksportowe)<\/p>\n<p>&nbsp;<\/p>\n<p>Udzia\u0142 w targach Premium Sourcing 2025 w Pary\u017cu pozwoli\u0142o firmie na zaprezentowanie dotychczasowej oferty produktowej w postaci artyku\u0142\u00f3w reklamowych (znaczki okoliczno\u015bciowe, identyfikatory, magnesy, breloki, camera blocker, cardguard, produkty wielofunkcyjne, urz\u0105dzenia i komponenty do produkcji znaczk\u00f3w, produkty z mikrofibry, inne drobne produkty) oraz nowego produktu w postaci eko-znaczka kartonowego.<\/p>\n<p>&nbsp;<\/p>\n<p>Z uwagi na mi\u0119dzynarodowy charakter targ\u00f3w planowane dzia\u0142ania przyczyniaj\u0105 si\u0119 tak\u017ce do zwi\u0119kszenia rozpoznawalno\u015bci i upowszechnienia wizerunku firmy i marki na wielu rynkach. Dodatkowo firma wzbogaci si\u0119 o nowe do\u015bwiadczenia i poszerzy kontakty handlowe. Rozszerzenie eksportu przez Przedsi\u0119biorstwo mo\u017ce sta\u0107 si\u0119 si\u0142\u0105 nap\u0119dow\u0105 rozwoju firmy.[\/vc_column_text][vc_empty_space height=&#8221;80px&#8221;]<div class=\"qode-sliding-image-holder\">\n\t<div class=\"qode-sih-image-holder\" style=\"background-image:url()\">\n\t\t<img decoding=\"async\" class=\"qode-sliding-image-background-image\" src=\"\" alt=\"Sliding Image\" \/>\n\t\t<img decoding=\"async\" class=\"qode-sliding-image-background-image qode-aux-background-image\" src=\"\" alt=\"Sliding Image\" \/>\n\t<\/div>\n\t<\/div>[\/vc_column][vc_column width=&#8221;1\/6&#8243;][\/vc_column][\/vc_row]<\/p>\n<\/div>","protected":false},"excerpt":{"rendered":"<p>[vc_row css_animation=&#8221;&#8221; row_type=&#8221;row&#8221; use_row_as_full_screen_section=&#8221;no&#8221; type=&#8221;grid&#8221; angled_section=&#8221;no&#8221; text_align=&#8221;left&#8221; background_image_as_pattern=&#8221;without_pattern&#8221; z_index=&#8221;&#8221;][vc_column][vc_single_image image=&#8221;16901&#8243; img_size=&#8221;large&#8221; alignment=&#8221;center&#8221; css=&#8221;.vc_custom_1745318066121{padding-top: 70px !important;}&#8221; qode_css_animation=&#8221;&#8221;][\/vc_column][\/vc_row][vc_row css_animation=&#8221;&#8221; row_type=&#8221;row&#8221; use_row_as_full_screen_section=&#8221;no&#8221; type=&#8221;grid&#8221; angled_section=&#8221;no&#8221; text_align=&#8221;left&#8221; background_image_as_pattern=&#8221;without_pattern&#8221; z_index=&#8221;&#8221;][vc_column width=&#8221;1\/6&#8243;][\/vc_column][vc_column width=&#8221;2\/3&#8243;][vc_empty_space height=&#8221;40px&#8221;][vc_column_text css=&#8221;&#8221;]Wir laden Sie herzlich zu der PSI-Messe in D\u00fcsseldorf ein. An unserem Stand (D04,Halle 9) werden wir alle&#8230;<\/p>\n","protected":false},"author":1,"featured_media":0,"parent":0,"menu_order":0,"comment_status":"closed","ping_status":"closed","template":"full_width.php","meta":{"footnotes":""},"class_list":["post-16887","page","type-page","status-publish","hentry"],"yoast_head":"<!-- This site is optimized with the Yoast SEO plugin v26.8 - https:\/\/yoast.com\/product\/yoast-seo-wordpress\/ -->\n<title>Fundusze Europejskie dla \u015al\u0105skiego &#8211; Firma reklamowa Badge4u<\/title>\n<meta name=\"robots\" content=\"index, follow, max-snippet:-1, max-image-preview:large, max-video-preview:-1\" \/>\n<link rel=\"canonical\" href=\"https:\/\/znaczek.pl\/en\/fundusze-europejskie-dla-slaskiego\/\" \/>\n<meta property=\"og:locale\" content=\"en_US\" \/>\n<meta property=\"og:type\" content=\"article\" \/>\n<meta property=\"og:title\" content=\"Fundusze Europejskie dla \u015al\u0105skiego &#8211; Firma reklamowa Badge4u\" \/>\n<meta property=\"og:description\" content=\"[vc_row css_animation=&#8221;&#8221; row_type=&#8221;row&#8221; use_row_as_full_screen_section=&#8221;no&#8221; type=&#8221;grid&#8221; angled_section=&#8221;no&#8221; text_align=&#8221;left&#8221; background_image_as_pattern=&#8221;without_pattern&#8221; z_index=&#8221;&#8221;][vc_column][vc_single_image image=&#8221;16901&#8243; img_size=&#8221;large&#8221; alignment=&#8221;center&#8221; css=&#8221;.vc_custom_1745318066121{padding-top: 70px !important;}&#8221; qode_css_animation=&#8221;&#8221;][\/vc_column][\/vc_row][vc_row css_animation=&#8221;&#8221; row_type=&#8221;row&#8221; use_row_as_full_screen_section=&#8221;no&#8221; type=&#8221;grid&#8221; angled_section=&#8221;no&#8221; text_align=&#8221;left&#8221; background_image_as_pattern=&#8221;without_pattern&#8221; z_index=&#8221;&#8221;][vc_column width=&#8221;1\/6&#8243;][\/vc_column][vc_column width=&#8221;2\/3&#8243;][vc_empty_space height=&#8221;40px&#8221;][vc_column_text css=&#8221;&#8221;]Wir laden Sie herzlich zu der PSI-Messe in D\u00fcsseldorf ein. An unserem Stand (D04,Halle 9) werden wir alle...\" \/>\n<meta property=\"og:url\" content=\"https:\/\/znaczek.pl\/en\/fundusze-europejskie-dla-slaskiego\/\" \/>\n<meta property=\"og:site_name\" content=\"Firma reklamowa Badge4u\" \/>\n<meta property=\"article:publisher\" content=\"https:\/\/www.facebook.com\/badge4u.eu\/\" \/>\n<meta property=\"article:modified_time\" content=\"2026-01-02T17:28:38+00:00\" \/>\n<meta name=\"twitter:card\" content=\"summary_large_image\" \/>\n<meta name=\"twitter:label1\" content=\"Est. reading time\" \/>\n\t<meta name=\"twitter:data1\" content=\"3 minutes\" \/>\n<script type=\"application\/ld+json\" class=\"yoast-schema-graph\">{\"@context\":\"https:\/\/schema.org\",\"@graph\":[{\"@type\":\"WebPage\",\"@id\":\"https:\/\/znaczek.pl\/en\/fundusze-europejskie-dla-slaskiego\/\",\"url\":\"https:\/\/znaczek.pl\/en\/fundusze-europejskie-dla-slaskiego\/\",\"name\":\"Fundusze Europejskie dla \u015al\u0105skiego &#8211; Firma reklamowa Badge4u\",\"isPartOf\":{\"@id\":\"https:\/\/znaczek.pl\/#website\"},\"datePublished\":\"2025-04-22T10:32:25+00:00\",\"dateModified\":\"2026-01-02T17:28:38+00:00\",\"breadcrumb\":{\"@id\":\"https:\/\/znaczek.pl\/en\/fundusze-europejskie-dla-slaskiego\/#breadcrumb\"},\"inLanguage\":\"en-US\",\"potentialAction\":[{\"@type\":\"ReadAction\",\"target\":[\"https:\/\/znaczek.pl\/en\/fundusze-europejskie-dla-slaskiego\/\"]}]},{\"@type\":\"BreadcrumbList\",\"@id\":\"https:\/\/znaczek.pl\/en\/fundusze-europejskie-dla-slaskiego\/#breadcrumb\",\"itemListElement\":[{\"@type\":\"ListItem\",\"position\":1,\"name\":\"Strona g\u0142\u00f3wna\",\"item\":\"https:\/\/znaczek.pl\/en\/\"},{\"@type\":\"ListItem\",\"position\":2,\"name\":\"Fundusze Europejskie dla \u015al\u0105skiego\"}]},{\"@type\":\"WebSite\",\"@id\":\"https:\/\/znaczek.pl\/#website\",\"url\":\"https:\/\/znaczek.pl\/\",\"name\":\"Firma reklamowa Badge4u\",\"description\":\"\",\"publisher\":{\"@id\":\"https:\/\/znaczek.pl\/#organization\"},\"potentialAction\":[{\"@type\":\"SearchAction\",\"target\":{\"@type\":\"EntryPoint\",\"urlTemplate\":\"https:\/\/znaczek.pl\/?s={search_term_string}\"},\"query-input\":{\"@type\":\"PropertyValueSpecification\",\"valueRequired\":true,\"valueName\":\"search_term_string\"}}],\"inLanguage\":\"en-US\"},{\"@type\":\"Organization\",\"@id\":\"https:\/\/znaczek.pl\/#organization\",\"name\":\"Badge4u\",\"url\":\"https:\/\/znaczek.pl\/\",\"logo\":{\"@type\":\"ImageObject\",\"inLanguage\":\"en-US\",\"@id\":\"https:\/\/znaczek.pl\/#\/schema\/logo\/image\/\",\"url\":\"https:\/\/znaczek.pl\/wp-content\/uploads\/2019\/01\/badge4u-slider-logo.png\",\"contentUrl\":\"https:\/\/znaczek.pl\/wp-content\/uploads\/2019\/01\/badge4u-slider-logo.png\",\"width\":645,\"height\":202,\"caption\":\"Badge4u\"},\"image\":{\"@id\":\"https:\/\/znaczek.pl\/#\/schema\/logo\/image\/\"},\"sameAs\":[\"https:\/\/www.facebook.com\/badge4u.eu\/\",\"https:\/\/www.youtube.com\/channel\/UChbLl2bcMXA2qev0EeErhTQ\"]}]}<\/script>\n<!-- \/ Yoast SEO plugin. -->","yoast_head_json":{"title":"Fundusze Europejskie dla \u015al\u0105skiego &#8211; Firma reklamowa Badge4u","robots":{"index":"index","follow":"follow","max-snippet":"max-snippet:-1","max-image-preview":"max-image-preview:large","max-video-preview":"max-video-preview:-1"},"canonical":"https:\/\/znaczek.pl\/en\/fundusze-europejskie-dla-slaskiego\/","og_locale":"en_US","og_type":"article","og_title":"Fundusze Europejskie dla \u015al\u0105skiego &#8211; Firma reklamowa Badge4u","og_description":"[vc_row css_animation=&#8221;&#8221; row_type=&#8221;row&#8221; use_row_as_full_screen_section=&#8221;no&#8221; type=&#8221;grid&#8221; angled_section=&#8221;no&#8221; text_align=&#8221;left&#8221; background_image_as_pattern=&#8221;without_pattern&#8221; z_index=&#8221;&#8221;][vc_column][vc_single_image image=&#8221;16901&#8243; img_size=&#8221;large&#8221; alignment=&#8221;center&#8221; css=&#8221;.vc_custom_1745318066121{padding-top: 70px !important;}&#8221; qode_css_animation=&#8221;&#8221;][\/vc_column][\/vc_row][vc_row css_animation=&#8221;&#8221; row_type=&#8221;row&#8221; use_row_as_full_screen_section=&#8221;no&#8221; type=&#8221;grid&#8221; angled_section=&#8221;no&#8221; text_align=&#8221;left&#8221; background_image_as_pattern=&#8221;without_pattern&#8221; z_index=&#8221;&#8221;][vc_column width=&#8221;1\/6&#8243;][\/vc_column][vc_column width=&#8221;2\/3&#8243;][vc_empty_space height=&#8221;40px&#8221;][vc_column_text css=&#8221;&#8221;]Wir laden Sie herzlich zu der PSI-Messe in D\u00fcsseldorf ein. An unserem Stand (D04,Halle 9) werden wir alle...","og_url":"https:\/\/znaczek.pl\/en\/fundusze-europejskie-dla-slaskiego\/","og_site_name":"Firma reklamowa Badge4u","article_publisher":"https:\/\/www.facebook.com\/badge4u.eu\/","article_modified_time":"2026-01-02T17:28:38+00:00","twitter_card":"summary_large_image","twitter_misc":{"Est. reading time":"3 minutes"},"schema":{"@context":"https:\/\/schema.org","@graph":[{"@type":"WebPage","@id":"https:\/\/znaczek.pl\/en\/fundusze-europejskie-dla-slaskiego\/","url":"https:\/\/znaczek.pl\/en\/fundusze-europejskie-dla-slaskiego\/","name":"Fundusze Europejskie dla \u015al\u0105skiego &#8211; Firma reklamowa Badge4u","isPartOf":{"@id":"https:\/\/znaczek.pl\/#website"},"datePublished":"2025-04-22T10:32:25+00:00","dateModified":"2026-01-02T17:28:38+00:00","breadcrumb":{"@id":"https:\/\/znaczek.pl\/en\/fundusze-europejskie-dla-slaskiego\/#breadcrumb"},"inLanguage":"en-US","potentialAction":[{"@type":"ReadAction","target":["https:\/\/znaczek.pl\/en\/fundusze-europejskie-dla-slaskiego\/"]}]},{"@type":"BreadcrumbList","@id":"https:\/\/znaczek.pl\/en\/fundusze-europejskie-dla-slaskiego\/#breadcrumb","itemListElement":[{"@type":"ListItem","position":1,"name":"Strona g\u0142\u00f3wna","item":"https:\/\/znaczek.pl\/en\/"},{"@type":"ListItem","position":2,"name":"Fundusze Europejskie dla \u015al\u0105skiego"}]},{"@type":"WebSite","@id":"https:\/\/znaczek.pl\/#website","url":"https:\/\/znaczek.pl\/","name":"Firma reklamowa Badge4u","description":"","publisher":{"@id":"https:\/\/znaczek.pl\/#organization"},"potentialAction":[{"@type":"SearchAction","target":{"@type":"EntryPoint","urlTemplate":"https:\/\/znaczek.pl\/?s={search_term_string}"},"query-input":{"@type":"PropertyValueSpecification","valueRequired":true,"valueName":"search_term_string"}}],"inLanguage":"en-US"},{"@type":"Organization","@id":"https:\/\/znaczek.pl\/#organization","name":"Badge4u","url":"https:\/\/znaczek.pl\/","logo":{"@type":"ImageObject","inLanguage":"en-US","@id":"https:\/\/znaczek.pl\/#\/schema\/logo\/image\/","url":"https:\/\/znaczek.pl\/wp-content\/uploads\/2019\/01\/badge4u-slider-logo.png","contentUrl":"https:\/\/znaczek.pl\/wp-content\/uploads\/2019\/01\/badge4u-slider-logo.png","width":645,"height":202,"caption":"Badge4u"},"image":{"@id":"https:\/\/znaczek.pl\/#\/schema\/logo\/image\/"},"sameAs":["https:\/\/www.facebook.com\/badge4u.eu\/","https:\/\/www.youtube.com\/channel\/UChbLl2bcMXA2qev0EeErhTQ"]}]}},"_links":{"self":[{"href":"https:\/\/znaczek.pl\/en\/wp-json\/wp\/v2\/pages\/16887","targetHints":{"allow":["GET"]}}],"collection":[{"href":"https:\/\/znaczek.pl\/en\/wp-json\/wp\/v2\/pages"}],"about":[{"href":"https:\/\/znaczek.pl\/en\/wp-json\/wp\/v2\/types\/page"}],"author":[{"embeddable":true,"href":"https:\/\/znaczek.pl\/en\/wp-json\/wp\/v2\/users\/1"}],"replies":[{"embeddable":true,"href":"https:\/\/znaczek.pl\/en\/wp-json\/wp\/v2\/comments?post=16887"}],"version-history":[{"count":6,"href":"https:\/\/znaczek.pl\/en\/wp-json\/wp\/v2\/pages\/16887\/revisions"}],"predecessor-version":[{"id":16986,"href":"https:\/\/znaczek.pl\/en\/wp-json\/wp\/v2\/pages\/16887\/revisions\/16986"}],"wp:attachment":[{"href":"https:\/\/znaczek.pl\/en\/wp-json\/wp\/v2\/media?parent=16887"}],"curies":[{"name":"wp","href":"https:\/\/api.w.org\/{rel}","templated":true}]}}